{"id":2,"date":"2010-07-13T08:45:01","date_gmt":"2010-07-13T08:45:01","guid":{"rendered":"https:\/\/multiproprieta-oggi.it\/\/?page_id=2"},"modified":"2026-02-07T12:26:11","modified_gmt":"2026-02-07T11:26:11","slug":"informazioni","status":"publish","type":"page","link":"https:\/\/multiproprieta-oggi.it\/?page_id=2","title":{"rendered":"Info"},"content":{"rendered":"<p>Il sito ha solo <em>carattere informativo<\/em> e <strong>non ha finalit\u00e0 di intermediazione immobiliare<\/strong>.<br \/>\nAttraverso il sito \u00e8 possibile chiedere una consulenza professionale se hai un quesito particolare sulle questioni amministrative e gestionali della multipropriet\u00e0 o se stai valutando l&#8217;acquisto di una quota in multipropriet\u00e0; se il problema \u00e8 di natura legale mi avvalgo della consulenza dell&#8217;Avv. Rita Fera.<\/p>\n","protected":false},"excerpt":{"rendered":"<p>Il sito ha solo carattere informativo e non ha finalit\u00e0 di intermediazione immobiliare. Attraverso il sito \u00e8 possibile chiedere una consulenza professionale se hai un quesito particolare sulle questioni amministrative e gestionali della multipropriet\u00e0 o se stai valutando l&#8217;acquisto di una quota in multipropriet\u00e0; se il problema \u00e8 di natura legale mi avvalgo della consulenza &hellip; <a href=\"https:\/\/multiproprieta-oggi.it\/?page_id=2\" class=\"more-link\">Continua la lettura di <span class=\"screen-reader-text\">Info<\/span> <span class=\"meta-nav\">&rarr;<\/span><\/a><\/p>\n","protected":false},"author":4,"featured_media":0,"parent":0,"menu_order":5,"comment_status":"open","ping_status":"closed","template":"","meta":{"footnotes":""},"class_list":["post-2","page","type-page","status-publish","hentry"],"_links":{"self":[{"href":"https:\/\/multiproprieta-oggi.it\/index.php?rest_route=\/wp\/v2\/pages\/2","targetHints":{"allow":["GET"]}}],"collection":[{"href":"https:\/\/multiproprieta-oggi.it\/index.php?rest_route=\/wp\/v2\/pages"}],"about":[{"href":"https:\/\/multiproprieta-oggi.it\/index.php?rest_route=\/wp\/v2\/types\/page"}],"author":[{"embeddable":true,"href":"https:\/\/multiproprieta-oggi.it\/index.php?rest_route=\/wp\/v2\/users\/4"}],"replies":[{"embeddable":true,"href":"https:\/\/multiproprieta-oggi.it\/index.php?rest_route=%2Fwp%2Fv2%2Fcomments&post=2"}],"version-history":[{"count":2,"href":"https:\/\/multiproprieta-oggi.it\/index.php?rest_route=\/wp\/v2\/pages\/2\/revisions"}],"predecessor-version":[{"id":409,"href":"https:\/\/multiproprieta-oggi.it\/index.php?rest_route=\/wp\/v2\/pages\/2\/revisions\/409"}],"wp:attachment":[{"href":"https:\/\/multiproprieta-oggi.it\/index.php?rest_route=%2Fwp%2Fv2%2Fmedia&parent=2"}],"curies":[{"name":"wp","href":"https:\/\/api.w.org\/{rel}","templated":true}]}}