{"id":22,"date":"2020-02-04T09:28:21","date_gmt":"2020-02-04T09:28:21","guid":{"rendered":"https:\/\/multiproprieta-oggi.it\/?page_id=10"},"modified":"2026-02-07T12:23:49","modified_gmt":"2026-02-07T11:23:49","slug":"benvenuto-su-multiproprieta-oggi-it","status":"publish","type":"page","link":"https:\/\/multiproprieta-oggi.it\/","title":{"rendered":"Benvenuto su Multipropriet\u00e0-oggi.it"},"content":{"rendered":"\n<div class=\"wp-block-group\"><div class=\"wp-block-group__inner-container is-layout-constrained wp-block-group-is-layout-constrained\"><div class=\"wp-block-image\">\n<figure class=\"alignleft is-resized\"><img loading=\"lazy\" decoding=\"async\" width=\"1024\" height=\"1024\" src=\"https:\/\/multiproprieta-oggi.it\/wp-content\/uploads\/2025\/05\/multiproprieta-complicata.jpeg\" alt=\"\" class=\"wp-image-337\" style=\"width:158px;height:auto\" srcset=\"https:\/\/multiproprieta-oggi.it\/wp-content\/uploads\/2025\/05\/multiproprieta-complicata.jpeg 1024w, https:\/\/multiproprieta-oggi.it\/wp-content\/uploads\/2025\/05\/multiproprieta-complicata-300x300.jpeg 300w, https:\/\/multiproprieta-oggi.it\/wp-content\/uploads\/2025\/05\/multiproprieta-complicata-150x150.jpeg 150w, https:\/\/multiproprieta-oggi.it\/wp-content\/uploads\/2025\/05\/multiproprieta-complicata-768x768.jpeg 768w\" sizes=\"auto, (max-width: 1024px) 100vw, 1024px\" \/><\/figure>\n<\/div>\n\n\n<p>Benvenuti su Multipropriet\u00e0-oggi.it, il sito dedicato al mondo della multipropriet\u00e0.<\/p>\n\n\n\n<p>Qui troverete consigli e considerazioni frutto dell&#8217;esperienza maturata in anni di lavoro presso l&#8217;amministrazione di una multipropriet\u00e0 nelle Dolomiti.<\/p>\n\n\n\n<p><strong>ATTENZIONE<\/strong>: il sito ha solo finalit\u00e0 informative e non ha finalit\u00e0 commerciali n\u00e8 di mediazione o intermediazione immobiliare immobiliare. <\/p>\n\n\n\n<p>I principali riferimenti normativi sono quelli della normativa vigente dello Stato Italiano. <\/p>\n\n\n\n<p>Se hai una multipropriet\u00e0 all&#8217;estero, allora dovrai fare riferimento alla normativa vigente nel paese dove ha sede la multipropriet\u00e0.<\/p>\n\n\n\n<p>Ti informo inoltre che il sito include alcuni banner pubblicitari e link commerciali che generano una commissione per sostenere le spese di gestione e la manutenzione del sito.<\/p>\n<\/div><\/div>\n\n\n\n<p><br><\/p>\n","protected":false},"excerpt":{"rendered":"<p>Benvenuti su Multipropriet\u00e0-oggi.it, il sito dedicato al mondo della multipropriet\u00e0. Qui troverete consigli e considerazioni frutto dell&#8217;esperienza maturata in anni di lavoro presso l&#8217;amministrazione di una multipropriet\u00e0 nelle Dolomiti. ATTENZIONE: il sito ha solo finalit\u00e0 informative e non ha finalit\u00e0 commerciali n\u00e8 di mediazione o intermediazione immobiliare immobiliare. I principali riferimenti normativi sono quelli della &hellip; <a href=\"https:\/\/multiproprieta-oggi.it\/\" class=\"more-link\">Continua la lettura di <span class=\"screen-reader-text\">Benvenuto su Multipropriet\u00e0-oggi.it<\/span> <span class=\"meta-nav\">&rarr;<\/span><\/a><\/p>\n","protected":false},"author":4,"featured_media":0,"parent":0,"menu_order":0,"comment_status":"closed","ping_status":"closed","template":"","meta":{"footnotes":""},"class_list":["post-22","page","type-page","status-publish","hentry"],"_links":{"self":[{"href":"https:\/\/multiproprieta-oggi.it\/index.php?rest_route=\/wp\/v2\/pages\/22","targetHints":{"allow":["GET"]}}],"collection":[{"href":"https:\/\/multiproprieta-oggi.it\/index.php?rest_route=\/wp\/v2\/pages"}],"about":[{"href":"https:\/\/multiproprieta-oggi.it\/index.php?rest_route=\/wp\/v2\/types\/page"}],"author":[{"embeddable":true,"href":"https:\/\/multiproprieta-oggi.it\/index.php?rest_route=\/wp\/v2\/users\/4"}],"replies":[{"embeddable":true,"href":"https:\/\/multiproprieta-oggi.it\/index.php?rest_route=%2Fwp%2Fv2%2Fcomments&post=22"}],"version-history":[{"count":4,"href":"https:\/\/multiproprieta-oggi.it\/index.php?rest_route=\/wp\/v2\/pages\/22\/revisions"}],"predecessor-version":[{"id":403,"href":"https:\/\/multiproprieta-oggi.it\/index.php?rest_route=\/wp\/v2\/pages\/22\/revisions\/403"}],"wp:attachment":[{"href":"https:\/\/multiproprieta-oggi.it\/index.php?rest_route=%2Fwp%2Fv2%2Fmedia&parent=22"}],"curies":[{"name":"wp","href":"https:\/\/api.w.org\/{rel}","templated":true}]}}