{"id":95,"date":"2020-02-06T11:00:31","date_gmt":"2020-02-06T10:00:31","guid":{"rendered":"https:\/\/multiproprieta-oggi.it\/?page_id=95"},"modified":"2020-02-06T11:00:31","modified_gmt":"2020-02-06T10:00:31","slug":"vendere","status":"publish","type":"page","link":"https:\/\/multiproprieta-oggi.it\/?page_id=95","title":{"rendered":"Vendere"},"content":{"rendered":"\n<p>Questa sezione del sito \u00e8 dedicata alla vendita della multipropriet\u00e0.<\/p>\n\n\n\n<p class=\"has-drop-cap\">Vendere la multipropriet\u00e0 \u00e8 la parte pi\u00f9 difficile e complessa per la maggior parte dei multiproprietari. Analizzare le difficolt\u00e0 che molti multiproprietari affrontano serve anche come consiglio per gli acquisti per chi invece vuole diventare multiproprietario. <br \/><\/p>\n","protected":false},"excerpt":{"rendered":"<p>Questa sezione del sito \u00e8 dedicata alla vendita della multipropriet\u00e0. Vendere la multipropriet\u00e0 \u00e8 la parte pi\u00f9 difficile e complessa per la maggior parte dei multiproprietari. Analizzare le difficolt\u00e0 che molti multiproprietari affrontano serve anche come consiglio per gli acquisti per chi invece vuole diventare multiproprietario.<\/p>\n","protected":false},"author":4,"featured_media":0,"parent":0,"menu_order":0,"comment_status":"closed","ping_status":"closed","template":"","meta":{"footnotes":""},"class_list":["post-95","page","type-page","status-publish","hentry"],"_links":{"self":[{"href":"https:\/\/multiproprieta-oggi.it\/index.php?rest_route=\/wp\/v2\/pages\/95","targetHints":{"allow":["GET"]}}],"collection":[{"href":"https:\/\/multiproprieta-oggi.it\/index.php?rest_route=\/wp\/v2\/pages"}],"about":[{"href":"https:\/\/multiproprieta-oggi.it\/index.php?rest_route=\/wp\/v2\/types\/page"}],"author":[{"embeddable":true,"href":"https:\/\/multiproprieta-oggi.it\/index.php?rest_route=\/wp\/v2\/users\/4"}],"replies":[{"embeddable":true,"href":"https:\/\/multiproprieta-oggi.it\/index.php?rest_route=%2Fwp%2Fv2%2Fcomments&post=95"}],"version-history":[{"count":0,"href":"https:\/\/multiproprieta-oggi.it\/index.php?rest_route=\/wp\/v2\/pages\/95\/revisions"}],"wp:attachment":[{"href":"https:\/\/multiproprieta-oggi.it\/index.php?rest_route=%2Fwp%2Fv2%2Fmedia&parent=95"}],"curies":[{"name":"wp","href":"https:\/\/api.w.org\/{rel}","templated":true}]}}